{"id":5690,"date":"2021-11-18T12:46:28","date_gmt":"2021-11-18T12:46:28","guid":{"rendered":"https:\/\/jorgevila.com\/?page_id=5690"},"modified":"2021-11-18T12:52:35","modified_gmt":"2021-11-18T12:52:35","slug":"free-design-course-practical-for-newbies","status":"publish","type":"page","link":"https:\/\/jorgevila.com\/en\/free-design-course-practical-for-newbies\/","title":{"rendered":"Free Design Course Practical for newbies"},"content":{"rendered":"<p>[et_pb_section fb_built=&#8221;1&#8243; admin_label=&#8221;Services&#8221; _builder_version=&#8221;3.22&#8243; background_color=&#8221;#fbfcfd&#8221; global_colors_info=&#8221;{}&#8221;][et_pb_row _builder_version=&#8221;4.4.7&#8243; custom_padding=&#8221;|30px||30px||true&#8221; box_shadow_style=&#8221;preset1&#8243; box_shadow_vertical=&#8221;0px&#8221; box_shadow_blur=&#8221;0px&#8221; box_shadow_color=&#8221;rgba(0,0,0,0.19)&#8221; global_colors_info=&#8221;{}&#8221; box_shadow_blur__hover=&#8221;60px&#8221; box_shadow_blur__hover_enabled=&#8221;on&#8221;][et_pb_column type=&#8221;4_4&#8243; _builder_version=&#8221;3.25&#8243; custom_padding=&#8221;|||&#8221; global_colors_info=&#8221;{}&#8221; custom_padding__hover=&#8221;|||&#8221;][et_pb_text admin_label=&#8221;Title&#8221; _builder_version=&#8221;4.13.1&#8243; text_font=&#8221;||||||||&#8221; text_line_height=&#8221;2em&#8221; header_font=&#8221;Oswald|700|on|on|||||&#8221; header_2_font=&#8221;Oswald|700|on|on|||||&#8221; header_2_font_size=&#8221;16px&#8221; header_2_letter_spacing=&#8221;0.18em&#8221; header_2_line_height=&#8221;1.4em&#8221; header_3_font=&#8221;Oswald|700|on|on|||||&#8221; header_3_font_size=&#8221;18px&#8221; header_3_letter_spacing=&#8221;0.18em&#8221; header_3_line_height=&#8221;1.4em&#8221; max_width=&#8221;150%&#8221; custom_margin_tablet=&#8221;|||0vw&#8221; custom_margin_phone=&#8221;0px||&#8221; custom_margin_last_edited=&#8221;off|desktop&#8221; custom_padding=&#8221;2px|||||&#8221; animation_style=&#8221;slide&#8221; animation_direction=&#8221;left&#8221; animation_delay=&#8221;100ms&#8221; animation_intensity_slide=&#8221;10%&#8221; hover_enabled=&#8221;0&#8243; header_3_font_size_phone=&#8221;30px&#8221; header_3_font_size_last_edited=&#8221;off|desktop&#8221; locked=&#8221;off&#8221; global_colors_info=&#8221;{}&#8221; header_2_font_size__hover=&#8221;26px&#8221; header_2_font_size__hover_enabled=&#8221;26px&#8221; header_2_letter_spacing__hover=&#8221;0px&#8221; header_2_letter_spacing__hover_enabled=&#8221;0px&#8221; header_2_line_height__hover=&#8221;1em&#8221; header_2_line_height__hover_enabled=&#8221;1em&#8221; header_2_text_shadow_style__hover=&#8221;none&#8221; header_2_text_shadow_style__hover_enabled=&#8221;none&#8221; header_2_text_shadow_color__hover=&#8221;rgba(0,0,0,0.4)&#8221; header_2_text_shadow_color__hover_enabled=&#8221;rgba(0,0,0,0.4)&#8221; sticky_enabled=&#8221;0&#8243;]<\/p>\n<h1>Basic practical graphic design course<\/h1>\n<p>Introduction to the basic graphic design course 2021<\/p>\n<p>Welcome to the basic graphic design course for beginners. The course consists of 10 chapters and is completely free. In the description of each video I will indicate the links to the resources we use.<\/p>\n<p>Subscribe by mail to receive news and discounts on products related to design:<br \/>https:\/\/app.getresponse.com\/site2\/b840492e6ef5b39a4af206961c18b4be\/?u=wFM8V&amp;webforms_id=hI5gf<\/p>\n<p>Link to DesignBeast:<br \/>https:\/\/jorgevila.com\/designbeast-review-demo-el-mejor-set-de-herramdamientos-de-diseno-online\/<\/p>\n<p>Link to Photoshop Online:<br \/>https:\/\/pixlr.com\/es\/<\/p>\n<p>Adobe color wheel<br \/>https:\/\/color.adobe.com\/es\/create\/color-wheel<\/p>\n<p>[\/et_pb_text][\/et_pb_column][\/et_pb_row][et_pb_row column_structure=&#8221;1_2,1_2&#8243; _builder_version=&#8221;4.13.1&#8243; _module_preset=&#8221;default&#8221; global_colors_info=&#8221;{}&#8221;][et_pb_column type=&#8221;1_2&#8243; _builder_version=&#8221;4.13.1&#8243; _module_preset=&#8221;default&#8221; global_colors_info=&#8221;{}&#8221;][et_pb_video src=&#8221;https:\/\/youtu.be\/Drcr9QHbFFY&#8221; _builder_version=&#8221;4.13.1&#8243; _module_preset=&#8221;default&#8221; global_colors_info=&#8221;{}&#8221;][\/et_pb_video][et_pb_video src=&#8221;https:\/\/youtu.be\/U-geTEk8oRw&#8221; _builder_version=&#8221;4.13.1&#8243; _module_preset=&#8221;default&#8221; global_colors_info=&#8221;{}&#8221;][\/et_pb_video][et_pb_video src=&#8221;https:\/\/youtu.be\/kJA6oURZ1f0&#8243; _builder_version=&#8221;4.13.1&#8243; _module_preset=&#8221;default&#8221; global_colors_info=&#8221;{}&#8221;][\/et_pb_video][et_pb_video src=&#8221;https:\/\/youtu.be\/OxYA4PJTHWM&#8221; _builder_version=&#8221;4.13.1&#8243; _module_preset=&#8221;default&#8221; global_colors_info=&#8221;{}&#8221;][\/et_pb_video][et_pb_video src=&#8221;https:\/\/youtu.be\/zv_miuYA8Mo&#8221; _builder_version=&#8221;4.13.1&#8243; _module_preset=&#8221;default&#8221; global_colors_info=&#8221;{}&#8221;][\/et_pb_video][\/et_pb_column][et_pb_column type=&#8221;1_2&#8243; _builder_version=&#8221;4.13.1&#8243; _module_preset=&#8221;default&#8221; global_colors_info=&#8221;{}&#8221;][et_pb_video src=&#8221;https:\/\/youtu.be\/AOIKVMjFfkQ&#8221; _builder_version=&#8221;4.13.1&#8243; _module_preset=&#8221;default&#8221; global_colors_info=&#8221;{}&#8221;][\/et_pb_video][et_pb_video src=&#8221;https:\/\/youtu.be\/vjyBV9REpig&#8221; _builder_version=&#8221;4.13.1&#8243; _module_preset=&#8221;default&#8221; global_colors_info=&#8221;{}&#8221;][\/et_pb_video][et_pb_video src=&#8221;https:\/\/youtu.be\/syuK7g-ov0s&#8221; _builder_version=&#8221;4.13.1&#8243; _module_preset=&#8221;default&#8221; global_colors_info=&#8221;{}&#8221;][\/et_pb_video][et_pb_video src=&#8221;https:\/\/youtu.be\/ukO3YvdRmtc&#8221; _builder_version=&#8221;4.13.1&#8243; _module_preset=&#8221;default&#8221; global_colors_info=&#8221;{}&#8221;][\/et_pb_video][et_pb_video src=&#8221;https:\/\/youtu.be\/LlJAv1m4qg0&#8243; _builder_version=&#8221;4.13.1&#8243; _module_preset=&#8221;default&#8221; global_colors_info=&#8221;{}&#8221;][\/et_pb_video][\/et_pb_column][\/et_pb_row][\/et_pb_section]<\/p>\n","protected":false},"excerpt":{"rendered":"<p>Basic practical graphic design course Introduction to the basic graphic design course 2021 Welcome to the basic graphic design course for beginners. The course consists of 10 chapters and is completely free. In the description of each video I will indicate the links to the resources we use. Subscribe by mail to receive news and [&hellip;]<\/p>\n","protected":false},"author":1,"featured_media":0,"parent":0,"menu_order":0,"comment_status":"closed","ping_status":"closed","template":"","meta":{"_et_pb_use_builder":"on","_et_pb_old_content":"[et_pb_section fb_built=\"1\" admin_label=\"Services\" _builder_version=\"3.22\" background_color=\"#fbfcfd\" global_colors_info=\"{}\"][et_pb_row _builder_version=\"4.4.7\" custom_padding=\"|30px||30px||true\" box_shadow_style=\"preset1\" box_shadow_vertical=\"0px\" box_shadow_blur=\"0px\" box_shadow_color=\"rgba(0,0,0,0.19)\" global_colors_info=\"{}\" box_shadow_blur__hover=\"60px\" box_shadow_blur__hover_enabled=\"on\"][et_pb_column type=\"4_4\" _builder_version=\"3.25\" custom_padding=\"|||\" global_colors_info=\"{}\" custom_padding__hover=\"|||\"][et_pb_text admin_label=\"Title\" _builder_version=\"4.13.1\" text_font=\"||||||||\" text_line_height=\"2em\" header_font=\"Oswald|700|on|on|||||\" header_2_font=\"Oswald|700|on|on|||||\" header_2_font_size=\"16px\" header_2_letter_spacing=\"0.18em\" header_2_line_height=\"1.4em\" header_3_font=\"Oswald|700|on|on|||||\" header_3_font_size=\"18px\" header_3_letter_spacing=\"0.18em\" header_3_line_height=\"1.4em\" max_width=\"150%\" custom_margin_tablet=\"|||0vw\" custom_margin_phone=\"0px||\" custom_margin_last_edited=\"off|desktop\" custom_padding=\"2px|||||\" animation_style=\"slide\" animation_direction=\"left\" animation_delay=\"100ms\" animation_intensity_slide=\"10%\" header_3_font_size_phone=\"30px\" header_3_font_size_last_edited=\"off|desktop\" locked=\"off\" global_colors_info=\"{}\" header_2_font_size__hover=\"26px\" header_2_font_size__hover_enabled=\"26px\" header_2_letter_spacing__hover=\"0px\" header_2_letter_spacing__hover_enabled=\"0px\" header_2_line_height__hover=\"1em\" header_2_line_height__hover_enabled=\"1em\" header_2_text_shadow_style__hover=\"none\" header_2_text_shadow_style__hover_enabled=\"none\" header_2_text_shadow_color__hover=\"rgba(0,0,0,0.4)\" header_2_text_shadow_color__hover_enabled=\"rgba(0,0,0,0.4)\"]<h1>Curso b\u00e1sico pr\u00e1ctico de dise\u00f1o gr\u00e1fico<\/h1>\r\n<p>Introduci\u00f3n al curso b\u00e1sico de dise\u00f1o gr\u00e1fico 2021\r\n\r\nBienvenido al curso de dise\u00f1o gr\u00e1fico b\u00e1sico para principiantes. El curso consta de 10 cap\u00edtulos y es completamente gratuito. En la descripci\u00f3n de cada v\u00eddeo indicar\u00e9 los links a los recursos que utilizamos.<\/p>[\/et_pb_text][\/et_pb_column][\/et_pb_row][et_pb_row column_structure=\"1_2,1_2\" _builder_version=\"4.13.1\" _module_preset=\"default\" global_colors_info=\"{}\"][et_pb_column type=\"1_2\" _builder_version=\"4.13.1\" _module_preset=\"default\" global_colors_info=\"{}\"][et_pb_video _builder_version=\"4.13.1\" _module_preset=\"default\" hover_enabled=\"0\" global_colors_info=\"{}\" src=\"https:\/\/youtu.be\/iGPCtHK292I\" sticky_enabled=\"0\"][\/et_pb_video][et_pb_video _builder_version=\"4.13.1\" _module_preset=\"default\" hover_enabled=\"0\" global_colors_info=\"{}\" src=\"https:\/\/youtu.be\/fi5mrFH-sag\" sticky_enabled=\"0\"][\/et_pb_video][et_pb_video _builder_version=\"4.13.1\" _module_preset=\"default\" hover_enabled=\"0\" global_colors_info=\"{}\" src=\"https:\/\/youtu.be\/kJA6oURZ1f0\" sticky_enabled=\"0\"][\/et_pb_video][et_pb_video _builder_version=\"4.13.1\" _module_preset=\"default\" hover_enabled=\"0\" global_colors_info=\"{}\" src=\"https:\/\/youtu.be\/ITQ1l2AtuZQ\" sticky_enabled=\"0\"][\/et_pb_video][et_pb_video _builder_version=\"4.13.1\" _module_preset=\"default\" hover_enabled=\"0\" global_colors_info=\"{}\" src=\"https:\/\/youtu.be\/0e-LJ_L3Afg\" sticky_enabled=\"0\"][\/et_pb_video][\/et_pb_column][et_pb_column type=\"1_2\" _builder_version=\"4.13.1\" _module_preset=\"default\" global_colors_info=\"{}\"][et_pb_video _builder_version=\"4.13.1\" _module_preset=\"default\" hover_enabled=\"0\" global_colors_info=\"{}\" src=\"https:\/\/youtu.be\/KUj_VN4MrY0\" sticky_enabled=\"0\"][\/et_pb_video][et_pb_video _builder_version=\"4.13.1\" _module_preset=\"default\" hover_enabled=\"0\" global_colors_info=\"{}\" src=\"https:\/\/youtu.be\/KrKnR0Il3rY\" sticky_enabled=\"0\"][\/et_pb_video][et_pb_video _builder_version=\"4.13.1\" _module_preset=\"default\" hover_enabled=\"0\" global_colors_info=\"{}\" src=\"https:\/\/youtu.be\/CiF5NcYXYaI\" sticky_enabled=\"0\"][\/et_pb_video][et_pb_video _builder_version=\"4.13.1\" _module_preset=\"default\" hover_enabled=\"0\" global_colors_info=\"{}\" src=\"https:\/\/youtu.be\/JFddKRVu1xM\" sticky_enabled=\"0\"][\/et_pb_video][et_pb_video _builder_version=\"4.13.1\" _module_preset=\"default\" hover_enabled=\"0\" global_colors_info=\"{}\" src=\"https:\/\/youtu.be\/QiwjhXGAMGg\" sticky_enabled=\"0\"][\/et_pb_video][\/et_pb_column][\/et_pb_row][\/et_pb_section]","_et_gb_content_width":"","footnotes":""},"class_list":["post-5690","page","type-page","status-publish","hentry"],"yoast_head":"<!-- This site is optimized with the Yoast SEO plugin v27.4 - https:\/\/yoast.com\/product\/yoast-seo-wordpress\/ -->\n<title>Free Design Course Practical for newbies - Jorge Vila<\/title>\n<meta name=\"robots\" content=\"index, follow, max-snippet:-1, max-image-preview:large, max-video-preview:-1\" \/>\n<link rel=\"canonical\" href=\"https:\/\/jorgevila.com\/curso-diseno-gratis-practico-principiantes\/\" \/>\n<meta property=\"og:locale\" content=\"en_US\" \/>\n<meta property=\"og:type\" content=\"article\" \/>\n<meta property=\"og:title\" content=\"Free Design Course Practical for newbies - Jorge Vila\" \/>\n<meta property=\"og:description\" content=\"Basic practical graphic design course Introduction to the basic graphic design course 2021 Welcome to the basic graphic design course for beginners. The course consists of 10 chapters and is completely free. In the description of each video I will indicate the links to the resources we use. Subscribe by mail to receive news and [&hellip;]\" \/>\n<meta property=\"og:url\" content=\"https:\/\/jorgevila.com\/curso-diseno-gratis-practico-principiantes\/\" \/>\n<meta property=\"og:site_name\" content=\"Jorge Vila\" \/>\n<meta property=\"article:publisher\" content=\"https:\/\/www.facebook.com\/JorgeVila.NMA\" \/>\n<meta property=\"article:modified_time\" content=\"2021-11-18T12:52:35+00:00\" \/>\n<meta name=\"twitter:card\" content=\"summary_large_image\" \/>\n<meta name=\"twitter:label1\" content=\"Est. reading time\" \/>\n\t<meta name=\"twitter:data1\" content=\"3 minutes\" \/>\n<script type=\"application\/ld+json\" class=\"yoast-schema-graph\">{\"@context\":\"https:\\\/\\\/schema.org\",\"@graph\":[{\"@type\":\"WebPage\",\"@id\":\"https:\\\/\\\/jorgevila.com\\\/curso-diseno-gratis-practico-principiantes\\\/\",\"url\":\"https:\\\/\\\/jorgevila.com\\\/curso-diseno-gratis-practico-principiantes\\\/\",\"name\":\"Free Design Course Practical for newbies - Jorge Vila\",\"isPartOf\":{\"@id\":\"https:\\\/\\\/jorgevila.com\\\/#website\"},\"datePublished\":\"2021-11-18T12:46:28+00:00\",\"dateModified\":\"2021-11-18T12:52:35+00:00\",\"breadcrumb\":{\"@id\":\"https:\\\/\\\/jorgevila.com\\\/curso-diseno-gratis-practico-principiantes\\\/#breadcrumb\"},\"inLanguage\":\"en-US\",\"potentialAction\":[{\"@type\":\"ReadAction\",\"target\":[\"https:\\\/\\\/jorgevila.com\\\/curso-diseno-gratis-practico-principiantes\\\/\"]}]},{\"@type\":\"BreadcrumbList\",\"@id\":\"https:\\\/\\\/jorgevila.com\\\/curso-diseno-gratis-practico-principiantes\\\/#breadcrumb\",\"itemListElement\":[{\"@type\":\"ListItem\",\"position\":1,\"name\":\"Home\",\"item\":\"https:\\\/\\\/jorgevila.com\\\/en\\\/\"},{\"@type\":\"ListItem\",\"position\":2,\"name\":\"Free Design Course Practical for newbies\"}]},{\"@type\":\"WebSite\",\"@id\":\"https:\\\/\\\/jorgevila.com\\\/#website\",\"url\":\"https:\\\/\\\/jorgevila.com\\\/\",\"name\":\"Jorge Vila\",\"description\":\"Reviews de Jorge Vila, Espa\u00f1ol e ingl\u00e9s\",\"publisher\":{\"@id\":\"https:\\\/\\\/jorgevila.com\\\/#organization\"},\"potentialAction\":[{\"@type\":\"SearchAction\",\"target\":{\"@type\":\"EntryPoint\",\"urlTemplate\":\"https:\\\/\\\/jorgevila.com\\\/?s={search_term_string}\"},\"query-input\":{\"@type\":\"PropertyValueSpecification\",\"valueRequired\":true,\"valueName\":\"search_term_string\"}}],\"inLanguage\":\"en-US\"},{\"@type\":\"Organization\",\"@id\":\"https:\\\/\\\/jorgevila.com\\\/#organization\",\"name\":\"Jorge Vila\",\"url\":\"https:\\\/\\\/jorgevila.com\\\/\",\"logo\":{\"@type\":\"ImageObject\",\"inLanguage\":\"en-US\",\"@id\":\"https:\\\/\\\/jorgevila.com\\\/#\\\/schema\\\/logo\\\/image\\\/\",\"url\":\"https:\\\/\\\/jorgevila.com\\\/wp-content\\\/uploads\\\/2020\\\/08\\\/logomaster.png\",\"contentUrl\":\"https:\\\/\\\/jorgevila.com\\\/wp-content\\\/uploads\\\/2020\\\/08\\\/logomaster.png\",\"width\":300,\"height\":210,\"caption\":\"Jorge Vila\"},\"image\":{\"@id\":\"https:\\\/\\\/jorgevila.com\\\/#\\\/schema\\\/logo\\\/image\\\/\"},\"sameAs\":[\"https:\\\/\\\/www.facebook.com\\\/JorgeVila.NMA\",\"https:\\\/\\\/www.youtube.com\\\/channel\\\/UCXXQv1C4oMK5izhP5zyRr0g\"]}]}<\/script>\n<!-- \/ Yoast SEO plugin. -->","yoast_head_json":{"title":"Free Design Course Practical for newbies - Jorge Vila","robots":{"index":"index","follow":"follow","max-snippet":"max-snippet:-1","max-image-preview":"max-image-preview:large","max-video-preview":"max-video-preview:-1"},"canonical":"https:\/\/jorgevila.com\/curso-diseno-gratis-practico-principiantes\/","og_locale":"en_US","og_type":"article","og_title":"Free Design Course Practical for newbies - Jorge Vila","og_description":"Basic practical graphic design course Introduction to the basic graphic design course 2021 Welcome to the basic graphic design course for beginners. The course consists of 10 chapters and is completely free. In the description of each video I will indicate the links to the resources we use. Subscribe by mail to receive news and [&hellip;]","og_url":"https:\/\/jorgevila.com\/curso-diseno-gratis-practico-principiantes\/","og_site_name":"Jorge Vila","article_publisher":"https:\/\/www.facebook.com\/JorgeVila.NMA","article_modified_time":"2021-11-18T12:52:35+00:00","twitter_card":"summary_large_image","twitter_misc":{"Est. reading time":"3 minutes"},"schema":{"@context":"https:\/\/schema.org","@graph":[{"@type":"WebPage","@id":"https:\/\/jorgevila.com\/curso-diseno-gratis-practico-principiantes\/","url":"https:\/\/jorgevila.com\/curso-diseno-gratis-practico-principiantes\/","name":"Free Design Course Practical for newbies - Jorge Vila","isPartOf":{"@id":"https:\/\/jorgevila.com\/#website"},"datePublished":"2021-11-18T12:46:28+00:00","dateModified":"2021-11-18T12:52:35+00:00","breadcrumb":{"@id":"https:\/\/jorgevila.com\/curso-diseno-gratis-practico-principiantes\/#breadcrumb"},"inLanguage":"en-US","potentialAction":[{"@type":"ReadAction","target":["https:\/\/jorgevila.com\/curso-diseno-gratis-practico-principiantes\/"]}]},{"@type":"BreadcrumbList","@id":"https:\/\/jorgevila.com\/curso-diseno-gratis-practico-principiantes\/#breadcrumb","itemListElement":[{"@type":"ListItem","position":1,"name":"Home","item":"https:\/\/jorgevila.com\/en\/"},{"@type":"ListItem","position":2,"name":"Free Design Course Practical for newbies"}]},{"@type":"WebSite","@id":"https:\/\/jorgevila.com\/#website","url":"https:\/\/jorgevila.com\/","name":"Jorge Vila","description":"Reviews de Jorge Vila, Espa\u00f1ol e ingl\u00e9s","publisher":{"@id":"https:\/\/jorgevila.com\/#organization"},"potentialAction":[{"@type":"SearchAction","target":{"@type":"EntryPoint","urlTemplate":"https:\/\/jorgevila.com\/?s={search_term_string}"},"query-input":{"@type":"PropertyValueSpecification","valueRequired":true,"valueName":"search_term_string"}}],"inLanguage":"en-US"},{"@type":"Organization","@id":"https:\/\/jorgevila.com\/#organization","name":"Jorge Vila","url":"https:\/\/jorgevila.com\/","logo":{"@type":"ImageObject","inLanguage":"en-US","@id":"https:\/\/jorgevila.com\/#\/schema\/logo\/image\/","url":"https:\/\/jorgevila.com\/wp-content\/uploads\/2020\/08\/logomaster.png","contentUrl":"https:\/\/jorgevila.com\/wp-content\/uploads\/2020\/08\/logomaster.png","width":300,"height":210,"caption":"Jorge Vila"},"image":{"@id":"https:\/\/jorgevila.com\/#\/schema\/logo\/image\/"},"sameAs":["https:\/\/www.facebook.com\/JorgeVila.NMA","https:\/\/www.youtube.com\/channel\/UCXXQv1C4oMK5izhP5zyRr0g"]}]}},"_links":{"self":[{"href":"https:\/\/jorgevila.com\/en\/wp-json\/wp\/v2\/pages\/5690","targetHints":{"allow":["GET"]}}],"collection":[{"href":"https:\/\/jorgevila.com\/en\/wp-json\/wp\/v2\/pages"}],"about":[{"href":"https:\/\/jorgevila.com\/en\/wp-json\/wp\/v2\/types\/page"}],"author":[{"embeddable":true,"href":"https:\/\/jorgevila.com\/en\/wp-json\/wp\/v2\/users\/1"}],"replies":[{"embeddable":true,"href":"https:\/\/jorgevila.com\/en\/wp-json\/wp\/v2\/comments?post=5690"}],"version-history":[{"count":4,"href":"https:\/\/jorgevila.com\/en\/wp-json\/wp\/v2\/pages\/5690\/revisions"}],"predecessor-version":[{"id":5700,"href":"https:\/\/jorgevila.com\/en\/wp-json\/wp\/v2\/pages\/5690\/revisions\/5700"}],"wp:attachment":[{"href":"https:\/\/jorgevila.com\/en\/wp-json\/wp\/v2\/media?parent=5690"}],"curies":[{"name":"wp","href":"https:\/\/api.w.org\/{rel}","templated":true}]}}